{"id":258,"date":"2021-11-16T18:28:13","date_gmt":"2021-11-16T18:28:13","guid":{"rendered":"https:\/\/rs-inter.hr\/?page_id=258"},"modified":"2024-04-30T11:00:55","modified_gmt":"2024-04-30T11:00:55","slug":"usluge-selidbe-2","status":"publish","type":"page","link":"https:\/\/rs-inter.hr\/?page_id=258","title":{"rendered":"Usluge selidbe"},"content":{"rendered":"\t\t<div data-elementor-type=\"wp-page\" data-elementor-id=\"258\" class=\"elementor elementor-258\" data-elementor-settings=\"[]\">\n\t\t\t\t\t\t\t<div class=\"elementor-section-wrap\">\n\t\t\t\t\t\t\t<section class=\"elementor-section elementor-top-section elementor-element elementor-element-4e29e4f elementor-section-boxed elementor-section-height-default elementor-section-height-default\" data-id=\"4e29e4f\" data-element_type=\"section\">\n\t\t\t\t\t\t<div class=\"elementor-container elementor-column-gap-default\">\n\t\t\t\t\t<div class=\"elementor-column elementor-col-100 elementor-top-column elementor-element elementor-element-add220f\" data-id=\"add220f\" data-element_type=\"column\">\n\t\t\t<div class=\"elementor-widget-wrap elementor-element-populated\">\n\t\t\t\t\t\t\t\t<div class=\"elementor-element elementor-element-844404c elementor-widget elementor-widget-heading\" data-id=\"844404c\" data-element_type=\"widget\" data-widget_type=\"heading.default\">\n\t\t\t\t<div class=\"elementor-widget-container\">\n\t\t\t<h1 class=\"elementor-heading-title elementor-size-small\">Dobro do\u0161li na stranicu RS inter za usluge selidbe.\n<\/h1>\t\t<\/div>\n\t\t\t\t<\/div>\n\t\t\t\t\t<\/div>\n\t\t<\/div>\n\t\t\t\t\t\t\t<\/div>\n\t\t<\/section>\n\t\t\t\t<section class=\"elementor-section elementor-top-section elementor-element elementor-element-2338edd elementor-section-boxed elementor-section-height-default elementor-section-height-default\" data-id=\"2338edd\" data-element_type=\"section\">\n\t\t\t\t\t\t<div class=\"elementor-container elementor-column-gap-default\">\n\t\t\t\t\t<div class=\"elementor-column elementor-col-50 elementor-top-column elementor-element elementor-element-e530435\" data-id=\"e530435\" data-element_type=\"column\">\n\t\t\t<div class=\"elementor-widget-wrap elementor-element-populated\">\n\t\t\t\t\t\t\t\t<div class=\"elementor-element elementor-element-e9a2025 elementor-widget elementor-widget-image\" data-id=\"e9a2025\" data-element_type=\"widget\" data-widget_type=\"image.default\">\n\t\t\t\t<div class=\"elementor-widget-container\">\n\t\t\t\t\t\t\t\t\t\t\t\t\t\t\t<img width=\"600\" height=\"450\" src=\"https:\/\/rs-inter.hr\/wp-content\/uploads\/2021\/11\/move-g844742b50_1920-600x450.jpg\" class=\"attachment-post-thumbnail size-post-thumbnail\" alt=\"\" loading=\"lazy\" \/>\t\t\t\t\t\t\t\t\t\t\t\t\t\t\t<\/div>\n\t\t\t\t<\/div>\n\t\t\t\t\t<\/div>\n\t\t<\/div>\n\t\t\t\t<div class=\"elementor-column elementor-col-50 elementor-top-column elementor-element elementor-element-27dae9c\" data-id=\"27dae9c\" data-element_type=\"column\">\n\t\t\t<div class=\"elementor-widget-wrap elementor-element-populated\">\n\t\t\t\t\t\t\t\t<div class=\"elementor-element elementor-element-2280c5d elementor-widget elementor-widget-text-editor\" data-id=\"2280c5d\" data-element_type=\"widget\" data-widget_type=\"text-editor.default\">\n\t\t\t\t<div class=\"elementor-widget-container\">\n\t\t\t\t\t\t\t<p><span style=\"font-weight: 400;\">Planirate li preseljenje doma ili ureda? Na\u0161e usluge selidbe pru\u017eaju sveobuhvatan pristup va\u0161em preseljenju, \u010dine\u0107i ga brzim, sigurnim i bez stresa. Bez obzira na opseg selidbe, na\u0161a iskusna ekipa pru\u017ea personalizirane usluge kako bi udovoljila Va\u0161im potrebama. Na\u0161e usluge pru\u017eaju Vam:<\/span><\/p><p><b>1. Pakiranje i raspakiranje<\/b><\/p><p><b>2. Demonta\u017ea i monta\u017ea namje\u0161taja<\/b><\/p><p><b>3. Prijevoz<\/b><\/p><p><b>4. Pomo\u0107 pri pakiranju<\/b><\/p><p><b>5. Pa\u017enja prilikom transporta osjetljivih predmeta<\/b><\/p><p>\u00a0<\/p>\t\t\t\t\t\t<\/div>\n\t\t\t\t<\/div>\n\t\t\t\t\t<\/div>\n\t\t<\/div>\n\t\t\t\t\t\t\t<\/div>\n\t\t<\/section>\n\t\t\t\t<section class=\"elementor-section elementor-top-section elementor-element elementor-element-c930af8 elementor-section-boxed elementor-section-height-default elementor-section-height-default\" data-id=\"c930af8\" data-element_type=\"section\">\n\t\t\t\t\t\t<div class=\"elementor-container elementor-column-gap-default\">\n\t\t\t\t\t<div class=\"elementor-column elementor-col-50 elementor-top-column elementor-element elementor-element-c90d343\" data-id=\"c90d343\" data-element_type=\"column\">\n\t\t\t<div class=\"elementor-widget-wrap elementor-element-populated\">\n\t\t\t\t\t\t\t\t<div class=\"elementor-element elementor-element-168910e elementor-widget elementor-widget-heading\" data-id=\"168910e\" data-element_type=\"widget\" data-widget_type=\"heading.default\">\n\t\t\t\t<div class=\"elementor-widget-container\">\n\t\t\t<div class=\"elementor-heading-title elementor-size-large\">Neka Va\u0161a selidba bude jednostavna i bezbri\u017ena uz na\u0161e stru\u010dne usluge selidbe.<\/div>\t\t<\/div>\n\t\t\t\t<\/div>\n\t\t\t\t\t<\/div>\n\t\t<\/div>\n\t\t\t\t<div class=\"elementor-column elementor-col-50 elementor-top-column elementor-element elementor-element-bc4f8d7\" data-id=\"bc4f8d7\" data-element_type=\"column\">\n\t\t\t<div class=\"elementor-widget-wrap elementor-element-populated\">\n\t\t\t\t\t\t\t\t<div class=\"elementor-element elementor-element-df50e15 elementor-widget elementor-widget-button\" data-id=\"df50e15\" data-element_type=\"widget\" data-widget_type=\"button.default\">\n\t\t\t\t<div class=\"elementor-widget-container\">\n\t\t\t\t\t<div class=\"elementor-button-wrapper\">\n\t\t\t<a href=\"https:\/\/rs-inter.hr\/?page_id=131\" class=\"elementor-button-link elementor-button elementor-size-lg\" role=\"button\">\n\t\t\t\t\t\t<span class=\"elementor-button-content-wrapper\">\n\t\t\t\t\t\t<span class=\"elementor-button-text\">Kontakt<\/span>\n\t\t<\/span>\n\t\t\t\t\t<\/a>\n\t\t<\/div>\n\t\t\t\t<\/div>\n\t\t\t\t<\/div>\n\t\t\t\t\t<\/div>\n\t\t<\/div>\n\t\t\t\t\t\t\t<\/div>\n\t\t<\/section>\n\t\t\t\t\t\t<\/div>\n\t\t\t\t\t<\/div>\n\t\t","protected":false},"excerpt":{"rendered":"<p>Dobro do\u0161li na stranicu RS inter za usluge selidbe. Planirate li preseljenje doma ili ureda? Na\u0161e usluge selidbe pru\u017eaju sveobuhvatan pristup va\u0161em preseljenju, \u010dine\u0107i ga [&hellip;]<\/p>\n","protected":false},"author":2,"featured_media":0,"parent":0,"menu_order":0,"comment_status":"closed","ping_status":"closed","template":"","meta":{"om_disable_all_campaigns":false,"_monsterinsights_skip_tracking":false,"_monsterinsights_sitenote_active":false,"_monsterinsights_sitenote_note":"","_monsterinsights_sitenote_category":0},"aioseo_notices":[],"_links":{"self":[{"href":"https:\/\/rs-inter.hr\/index.php?rest_route=\/wp\/v2\/pages\/258"}],"collection":[{"href":"https:\/\/rs-inter.hr\/index.php?rest_route=\/wp\/v2\/pages"}],"about":[{"href":"https:\/\/rs-inter.hr\/index.php?rest_route=\/wp\/v2\/types\/page"}],"author":[{"embeddable":true,"href":"https:\/\/rs-inter.hr\/index.php?rest_route=\/wp\/v2\/users\/2"}],"replies":[{"embeddable":true,"href":"https:\/\/rs-inter.hr\/index.php?rest_route=%2Fwp%2Fv2%2Fcomments&post=258"}],"version-history":[{"count":21,"href":"https:\/\/rs-inter.hr\/index.php?rest_route=\/wp\/v2\/pages\/258\/revisions"}],"predecessor-version":[{"id":694,"href":"https:\/\/rs-inter.hr\/index.php?rest_route=\/wp\/v2\/pages\/258\/revisions\/694"}],"wp:attachment":[{"href":"https:\/\/rs-inter.hr\/index.php?rest_route=%2Fwp%2Fv2%2Fmedia&parent=258"}],"curies":[{"name":"wp","href":"https:\/\/api.w.org\/{rel}","templated":true}]}}