{"id":250,"date":"2021-11-16T18:10:17","date_gmt":"2021-11-16T18:10:17","guid":{"rendered":"https:\/\/rs-inter.hr\/?page_id=250"},"modified":"2024-04-30T10:27:02","modified_gmt":"2024-04-30T10:27:02","slug":"o-nama","status":"publish","type":"page","link":"https:\/\/rs-inter.hr\/?page_id=250","title":{"rendered":"O nama"},"content":{"rendered":"\t\t<div data-elementor-type=\"wp-page\" data-elementor-id=\"250\" class=\"elementor elementor-250\" data-elementor-settings=\"[]\">\n\t\t\t\t\t\t\t<div class=\"elementor-section-wrap\">\n\t\t\t\t\t\t\t<section class=\"elementor-section elementor-top-section elementor-element elementor-element-3ae2b09 elementor-section-boxed elementor-section-height-default elementor-section-height-default\" data-id=\"3ae2b09\" data-element_type=\"section\">\n\t\t\t\t\t\t<div class=\"elementor-container elementor-column-gap-default\">\n\t\t\t\t\t<div class=\"elementor-column elementor-col-100 elementor-top-column elementor-element elementor-element-81967aa\" data-id=\"81967aa\" data-element_type=\"column\">\n\t\t\t<div class=\"elementor-widget-wrap elementor-element-populated\">\n\t\t\t\t\t\t\t\t<div class=\"elementor-element elementor-element-b22d6e1 elementor-widget elementor-widget-heading\" data-id=\"b22d6e1\" data-element_type=\"widget\" data-widget_type=\"heading.default\">\n\t\t\t\t<div class=\"elementor-widget-container\">\n\t\t\t<h1 class=\"elementor-heading-title elementor-size-small\">Dobro do\u0161li na stranicu RS inter o nama<\/h1>\t\t<\/div>\n\t\t\t\t<\/div>\n\t\t\t\t\t<\/div>\n\t\t<\/div>\n\t\t\t\t\t\t\t<\/div>\n\t\t<\/section>\n\t\t\t\t<section class=\"elementor-section elementor-top-section elementor-element elementor-element-89b293c elementor-section-boxed elementor-section-height-default elementor-section-height-default\" data-id=\"89b293c\" data-element_type=\"section\">\n\t\t\t\t\t\t<div class=\"elementor-container elementor-column-gap-default\">\n\t\t\t\t\t<div class=\"elementor-column elementor-col-33 elementor-top-column elementor-element elementor-element-c808f61\" data-id=\"c808f61\" data-element_type=\"column\">\n\t\t\t<div class=\"elementor-widget-wrap elementor-element-populated\">\n\t\t\t\t\t\t\t\t<div class=\"elementor-element elementor-element-e041fc6 elementor-widget elementor-widget-image\" data-id=\"e041fc6\" data-element_type=\"widget\" data-widget_type=\"image.default\">\n\t\t\t\t<div class=\"elementor-widget-container\">\n\t\t\t\t\t\t\t\t\t\t\t\t\t\t\t<img width=\"1292\" height=\"2433\" src=\"https:\/\/rs-inter.hr\/wp-content\/uploads\/2023\/11\/Untitled-1.jpg\" class=\"attachment-full size-full\" alt=\"\" loading=\"lazy\" srcset=\"https:\/\/rs-inter.hr\/wp-content\/uploads\/2023\/11\/Untitled-1.jpg 1292w, https:\/\/rs-inter.hr\/wp-content\/uploads\/2023\/11\/Untitled-1-159x300.jpg 159w, https:\/\/rs-inter.hr\/wp-content\/uploads\/2023\/11\/Untitled-1-544x1024.jpg 544w, https:\/\/rs-inter.hr\/wp-content\/uploads\/2023\/11\/Untitled-1-768x1446.jpg 768w, https:\/\/rs-inter.hr\/wp-content\/uploads\/2023\/11\/Untitled-1-816x1536.jpg 816w, https:\/\/rs-inter.hr\/wp-content\/uploads\/2023\/11\/Untitled-1-1088x2048.jpg 1088w\" sizes=\"(max-width: 1292px) 100vw, 1292px\" \/>\t\t\t\t\t\t\t\t\t\t\t\t\t\t\t<\/div>\n\t\t\t\t<\/div>\n\t\t\t\t\t<\/div>\n\t\t<\/div>\n\t\t\t\t<div class=\"elementor-column elementor-col-66 elementor-top-column elementor-element elementor-element-a3299fc\" data-id=\"a3299fc\" data-element_type=\"column\">\n\t\t\t<div class=\"elementor-widget-wrap elementor-element-populated\">\n\t\t\t\t\t\t\t\t<div class=\"elementor-element elementor-element-bff8fda elementor-widget elementor-widget-text-editor\" data-id=\"bff8fda\" data-element_type=\"widget\" data-widget_type=\"text-editor.default\">\n\t\t\t\t<div class=\"elementor-widget-container\">\n\t\t\t\t\t\t\t<p dir=\"ltr\" style=\"line-height: 1.38; margin-top: 0pt; margin-bottom: 0pt;\"><span style=\"font-size: 11pt; font-family: Arial,sans-serif; color: #000000; background-color: transparent; font-weight: 400; font-style: normal; font-variant: normal; text-decoration: none; vertical-align: baseline; white-space: pre-wrap;\">Dobrodo\u0161li u RS inter, Va\u0161eg pouzdanog partnera za sve potrebe vezane uz namje\u0161taj i interijere. S na\u0161im profesionalnim timom majstora, pru\u017eamo vrhunsku uslugu monta\u017ee namje\u0161taja, dizajna interijera, brze selidbe i stru\u010dnog popravka namje\u0161taja.<\/span><\/p><p><span style=\"background-color: transparent; color: #000000; font-family: Arial, sans-serif; font-size: 11pt; white-space-collapse: preserve;\"><b>Monta\u017ea Namje\u0161taja:<\/b><\/span><\/p><p><span style=\"background-color: transparent; color: #000000; font-family: Arial, sans-serif; font-size: 11pt; white-space-collapse: preserve;\">Prilikom svakog koraka izgradnje Va\u0161eg doma, stvaramo udoban prostor po mjeri. Na\u0161i stru\u010dnjaci pa\u017eljivo<\/span><span style=\"background-color: transparent; color: #000000; font-family: Arial, sans-serif; font-size: 11pt; white-space-collapse: preserve;\"> montiraju svaki komad namje\u0161taja, pridaju\u0107i posebnu pa\u017enju svakom detalju.<\/span><\/p><p dir=\"ltr\" style=\"line-height: 1.38; margin-top: 0pt; margin-bottom: 0pt;\"><span style=\"font-size: 11pt; font-family: Arial, sans-serif; color: #000000; background-color: transparent; font-style: normal; font-variant: normal; text-decoration: none; vertical-align: baseline; white-space: pre-wrap;\"><b>Dizajn Interijera:<\/b><\/span><\/p><p><span style=\"background-color: transparent; color: #000000; font-family: Arial, sans-serif; font-size: 11pt; white-space-collapse: preserve;\">\u017delimo da Va\u0161 dom bude odraz Va\u0161e osobnosti i stila. Na\u0161 tim dizajnera sura\u0111uje s Vama kako bi stvorio prostor koji ispunjava Va\u0161e estetske i funkcionalne zahtjeve. Bez obzira tra\u017eite li suvremeni minimalizam, klasi\u010dnu eleganciju ili eklekti\u010dni \u0161arm, mi smo ovdje da vizije pretvorimo u stvarnost.<\/span><\/p><p dir=\"ltr\" style=\"line-height: 1.38; margin-top: 0pt; margin-bottom: 0pt;\"><span style=\"font-size: 11pt; font-family: Arial, sans-serif; color: #000000; background-color: transparent; font-style: normal; font-variant: normal; text-decoration: none; vertical-align: baseline; white-space: pre-wrap;\"><b>Usluge selidba:<\/b><\/span><\/p><p><span style=\"background-color: transparent; color: #000000; font-family: Arial, sans-serif; font-size: 11pt; white-space-collapse: preserve;\">Bilo da se radi o preseljenju u novi dom ili poslovni prostor, na\u0161a ekipa osigurava brzu, efikasnu i sigurnu selidbu namje\u0161taja i osobnih stvari.<\/span><\/p><p dir=\"ltr\" style=\"line-height: 1.38; margin-top: 0pt; margin-bottom: 0pt;\"><span style=\"font-size: 11pt; font-family: Arial, sans-serif; color: #000000; background-color: transparent; font-style: normal; font-variant: normal; text-decoration: none; vertical-align: baseline; white-space: pre-wrap;\"><b>Popravak Namje\u0161taja:<\/b><\/span><\/p><p><span style=\"background-color: transparent; color: #000000; font-family: Arial, sans-serif; font-size: 11pt; white-space-collapse: preserve;\">Omiljeni komad namje\u0161taja zaslu\u017euje jo\u0161 mnogo godina u Va\u0161em domu. Na\u0161i vje\u0161ti tehni\u010dari rje\u0161avaju sve vrste problema, od sitnih popravaka do obnove, kako bismo produ\u017eili \u017eivotni vijek Va\u0161eg namje\u0161taja<\/span><\/p><p>\u00a0<\/p>\t\t\t\t\t\t<\/div>\n\t\t\t\t<\/div>\n\t\t\t\t\t<\/div>\n\t\t<\/div>\n\t\t\t\t\t\t\t<\/div>\n\t\t<\/section>\n\t\t\t\t<section class=\"elementor-section elementor-top-section elementor-element elementor-element-5b160c6 elementor-section-boxed elementor-section-height-default elementor-section-height-default\" data-id=\"5b160c6\" data-element_type=\"section\">\n\t\t\t\t\t\t<div class=\"elementor-container elementor-column-gap-default\">\n\t\t\t\t\t<div class=\"elementor-column elementor-col-100 elementor-top-column elementor-element elementor-element-0f053ab\" data-id=\"0f053ab\" data-element_type=\"column\">\n\t\t\t<div class=\"elementor-widget-wrap elementor-element-populated\">\n\t\t\t\t\t\t\t\t<div class=\"elementor-element elementor-element-8b80ddd elementor-widget elementor-widget-heading\" data-id=\"8b80ddd\" data-element_type=\"widget\" data-widget_type=\"heading.default\">\n\t\t\t\t<div class=\"elementor-widget-container\">\n\t\t\t<h4 class=\"elementor-heading-title elementor-size-default\">Za\u0161to odabrati nas?<\/h4>\t\t<\/div>\n\t\t\t\t<\/div>\n\t\t\t\t\t<\/div>\n\t\t<\/div>\n\t\t\t\t\t\t\t<\/div>\n\t\t<\/section>\n\t\t\t\t<section class=\"elementor-section elementor-top-section elementor-element elementor-element-05dfee2 elementor-section-boxed elementor-section-height-default elementor-section-height-default\" data-id=\"05dfee2\" data-element_type=\"section\">\n\t\t\t\t\t\t<div class=\"elementor-container elementor-column-gap-default\">\n\t\t\t\t\t<div class=\"elementor-column elementor-col-100 elementor-top-column elementor-element elementor-element-99b1a4f\" data-id=\"99b1a4f\" data-element_type=\"column\">\n\t\t\t<div class=\"elementor-widget-wrap elementor-element-populated\">\n\t\t\t\t\t\t\t\t<div class=\"elementor-element elementor-element-1404931 elementor-align-center elementor-icon-list--layout-traditional elementor-list-item-link-full_width elementor-widget elementor-widget-icon-list\" data-id=\"1404931\" data-element_type=\"widget\" data-widget_type=\"icon-list.default\">\n\t\t\t\t<div class=\"elementor-widget-container\">\n\t\t\t\t\t<ul class=\"elementor-icon-list-items\">\n\t\t\t\t\t\t\t<li class=\"elementor-icon-list-item\">\n\t\t\t\t\t\t\t\t\t\t\t<span class=\"elementor-icon-list-icon\">\n\t\t\t\t\t\t\t<i aria-hidden=\"true\" class=\"fas fa-check\"><\/i>\t\t\t\t\t\t<\/span>\n\t\t\t\t\t\t\t\t\t\t<span class=\"elementor-icon-list-text\"><p dir=\"ltr\" style=\"margin-top: 0pt; margin-bottom: 0pt; white-space-collapse: collapse; line-height: 1.38;\"><span style=\"font-size: 11pt; font-family: Arial, sans-serif; color: rgb(0, 0, 0); background-color: transparent; font-variant-numeric: normal; font-variant-east-asian: normal; font-variant-alternates: normal; font-variant-position: normal; vertical-align: baseline; white-space-collapse: preserve;\"><b>Stru\u010dnost i preciznost u svakom koraku.<\/b><\/span><span style=\"color: var( --e-global-color-secondary ); white-space-collapse: preserve; font-size: inherit;\"><\/span><\/p><\/span>\n\t\t\t\t\t\t\t\t\t<\/li>\n\t\t\t\t\t\t\t\t<li class=\"elementor-icon-list-item\">\n\t\t\t\t\t\t\t\t\t\t\t<span class=\"elementor-icon-list-icon\">\n\t\t\t\t\t\t\t<i aria-hidden=\"true\" class=\"fas fa-check\"><\/i>\t\t\t\t\t\t<\/span>\n\t\t\t\t\t\t\t\t\t\t<span class=\"elementor-icon-list-text\"><p dir=\"ltr\" style=\"margin-top: 0pt; margin-bottom: 0pt; white-space-collapse: collapse; line-height: 1.38;\"><span style=\"font-size: 11pt; font-family: Arial, sans-serif; color: rgb(0, 0, 0); background-color: transparent; font-variant-numeric: normal; font-variant-east-asian: normal; font-variant-alternates: normal; font-variant-position: normal; vertical-align: baseline; white-space-collapse: preserve;\"><b>Personalizirani pristup dizajnu interijera.<\/b><\/span><span style=\"color: var( --e-global-color-secondary ); white-space-collapse: preserve; font-size: inherit;\"><\/span><\/p><\/span>\n\t\t\t\t\t\t\t\t\t<\/li>\n\t\t\t\t\t\t\t\t<li class=\"elementor-icon-list-item\">\n\t\t\t\t\t\t\t\t\t\t\t<span class=\"elementor-icon-list-icon\">\n\t\t\t\t\t\t\t<i aria-hidden=\"true\" class=\"fas fa-check\"><\/i>\t\t\t\t\t\t<\/span>\n\t\t\t\t\t\t\t\t\t\t<span class=\"elementor-icon-list-text\"><p dir=\"ltr\" style=\"margin-top: 0pt; margin-bottom: 0pt; white-space-collapse: collapse; line-height: 1.38;\"><b><span style=\"font-size: 11pt; font-family: Arial, sans-serif; color: rgb(0, 0, 0); background-color: transparent; font-variant-numeric: normal; font-variant-east-asian: normal; font-variant-alternates: normal; font-variant-position: normal; vertical-align: baseline; white-space-collapse: preserve;\">Fleksibilnost i brza prilagodba Va\u0161im potrebama.<\/span><\/b><span style=\"color: var( --e-global-color-secondary ); white-space-collapse: preserve; font-size: inherit;\"><\/span><\/p><\/span>\n\t\t\t\t\t\t\t\t\t<\/li>\n\t\t\t\t\t\t\t\t<li class=\"elementor-icon-list-item\">\n\t\t\t\t\t\t\t\t\t\t\t<span class=\"elementor-icon-list-icon\">\n\t\t\t\t\t\t\t<i aria-hidden=\"true\" class=\"fas fa-check\"><\/i>\t\t\t\t\t\t<\/span>\n\t\t\t\t\t\t\t\t\t\t<span class=\"elementor-icon-list-text\"><b><span style=\"color: rgb(0, 0, 0); font-family: Arial, sans-serif; font-size: 14.6667px;\">Posve\u0107enost kvaliteti i zadovoljstvu klijenata.<\/span><\/b><\/span>\n\t\t\t\t\t\t\t\t\t<\/li>\n\t\t\t\t\t\t<\/ul>\n\t\t\t\t<\/div>\n\t\t\t\t<\/div>\n\t\t\t\t\t<\/div>\n\t\t<\/div>\n\t\t\t\t\t\t\t<\/div>\n\t\t<\/section>\n\t\t\t\t\t\t<\/div>\n\t\t\t\t\t<\/div>\n\t\t","protected":false},"excerpt":{"rendered":"<p>Dobro do\u0161li na stranicu RS inter o nama Dobrodo\u0161li u RS inter, Va\u0161eg pouzdanog partnera za sve potrebe vezane uz namje\u0161taj i interijere. S na\u0161im [&hellip;]<\/p>\n","protected":false},"author":2,"featured_media":0,"parent":0,"menu_order":0,"comment_status":"closed","ping_status":"closed","template":"","meta":{"om_disable_all_campaigns":false,"_monsterinsights_skip_tracking":false,"_monsterinsights_sitenote_active":false,"_monsterinsights_sitenote_note":"","_monsterinsights_sitenote_category":0},"aioseo_notices":[],"_links":{"self":[{"href":"https:\/\/rs-inter.hr\/index.php?rest_route=\/wp\/v2\/pages\/250"}],"collection":[{"href":"https:\/\/rs-inter.hr\/index.php?rest_route=\/wp\/v2\/pages"}],"about":[{"href":"https:\/\/rs-inter.hr\/index.php?rest_route=\/wp\/v2\/types\/page"}],"author":[{"embeddable":true,"href":"https:\/\/rs-inter.hr\/index.php?rest_route=\/wp\/v2\/users\/2"}],"replies":[{"embeddable":true,"href":"https:\/\/rs-inter.hr\/index.php?rest_route=%2Fwp%2Fv2%2Fcomments&post=250"}],"version-history":[{"count":22,"href":"https:\/\/rs-inter.hr\/index.php?rest_route=\/wp\/v2\/pages\/250\/revisions"}],"predecessor-version":[{"id":684,"href":"https:\/\/rs-inter.hr\/index.php?rest_route=\/wp\/v2\/pages\/250\/revisions\/684"}],"wp:attachment":[{"href":"https:\/\/rs-inter.hr\/index.php?rest_route=%2Fwp%2Fv2%2Fmedia&parent=250"}],"curies":[{"name":"wp","href":"https:\/\/api.w.org\/{rel}","templated":true}]}}