{"id":240,"date":"2021-11-16T18:05:15","date_gmt":"2021-11-16T18:05:15","guid":{"rendered":"https:\/\/rs-inter.hr\/?page_id=240"},"modified":"2024-04-30T10:33:24","modified_gmt":"2024-04-30T10:33:24","slug":"popravci-namjestaja-i-pokucstva","status":"publish","type":"page","link":"https:\/\/rs-inter.hr\/?page_id=240","title":{"rendered":"Popravak namje\u0161taja"},"content":{"rendered":"\t\t<div data-elementor-type=\"wp-page\" data-elementor-id=\"240\" class=\"elementor elementor-240\" data-elementor-settings=\"[]\">\n\t\t\t\t\t\t\t<div class=\"elementor-section-wrap\">\n\t\t\t\t\t\t\t<section class=\"elementor-section elementor-top-section elementor-element elementor-element-aac58e2 elementor-section-boxed elementor-section-height-default elementor-section-height-default\" data-id=\"aac58e2\" data-element_type=\"section\">\n\t\t\t\t\t\t<div class=\"elementor-container elementor-column-gap-default\">\n\t\t\t\t\t<div class=\"elementor-column elementor-col-100 elementor-top-column elementor-element elementor-element-90b5d09\" data-id=\"90b5d09\" data-element_type=\"column\">\n\t\t\t<div class=\"elementor-widget-wrap elementor-element-populated\">\n\t\t\t\t\t\t\t\t<div class=\"elementor-element elementor-element-7e7e788 elementor-widget elementor-widget-heading\" data-id=\"7e7e788\" data-element_type=\"widget\" data-widget_type=\"heading.default\">\n\t\t\t\t<div class=\"elementor-widget-container\">\n\t\t\t<h1 class=\"elementor-heading-title elementor-size-small\">Dobro do\u0161li na stranicu RS inter za popravak nemje\u0161taja.\n<\/h1>\t\t<\/div>\n\t\t\t\t<\/div>\n\t\t\t\t\t<\/div>\n\t\t<\/div>\n\t\t\t\t\t\t\t<\/div>\n\t\t<\/section>\n\t\t\t\t<section class=\"elementor-section elementor-top-section elementor-element elementor-element-287af4a elementor-section-boxed elementor-section-height-default elementor-section-height-default\" data-id=\"287af4a\" data-element_type=\"section\">\n\t\t\t\t\t\t<div class=\"elementor-container elementor-column-gap-default\">\n\t\t\t\t\t<div class=\"elementor-column elementor-col-50 elementor-top-column elementor-element elementor-element-d738b62\" data-id=\"d738b62\" data-element_type=\"column\">\n\t\t\t<div class=\"elementor-widget-wrap elementor-element-populated\">\n\t\t\t\t\t\t\t\t<div class=\"elementor-element elementor-element-4d1d001 elementor-widget elementor-widget-image\" data-id=\"4d1d001\" data-element_type=\"widget\" data-widget_type=\"image.default\">\n\t\t\t\t<div class=\"elementor-widget-container\">\n\t\t\t\t\t\t\t\t\t\t\t\t\t\t\t<img src=\"https:\/\/rs-inter.hr\/wp-content\/uploads\/elementor\/thumbs\/pexels-skylar-kang-6044809-scaled-pg5vlzygfgq6yqygkvek14twu5jhxxjuiscv7oqzmo.jpg\" title=\"pexels-skylar-kang-6044809\" alt=\"pexels-skylar-kang-6044809\" \/>\t\t\t\t\t\t\t\t\t\t\t\t\t\t\t<\/div>\n\t\t\t\t<\/div>\n\t\t\t\t\t<\/div>\n\t\t<\/div>\n\t\t\t\t<div class=\"elementor-column elementor-col-50 elementor-top-column elementor-element elementor-element-1a6a3bc\" data-id=\"1a6a3bc\" data-element_type=\"column\">\n\t\t\t<div class=\"elementor-widget-wrap elementor-element-populated\">\n\t\t\t\t\t\t\t\t<div class=\"elementor-element elementor-element-2655de5 elementor-widget elementor-widget-text-editor\" data-id=\"2655de5\" data-element_type=\"widget\" data-widget_type=\"text-editor.default\">\n\t\t\t\t<div class=\"elementor-widget-container\">\n\t\t\t\t\t\t\t<p>Imate li stari namje\u0161taj koji je nakon godina kori\u0161tenja izgubio svoj sjaj?&nbsp;<span style=\"background-color: transparent; color: #000000; font-family: Arial, sans-serif; font-size: 11pt; white-space-collapse: preserve; font-weight: var( --e-global-typography-text-font-weight );\">Na\u0161a ekipa stru\u010dnjaka posve\u0107ena je obnavljanju Va\u0161eg starijeg namje\u0161taja i vra\u0107anju mu izgubljenog sjaja.<\/span><\/p>\n<p dir=\"ltr\" style=\"line-height: 1.38; margin-top: 0pt; margin-bottom: 0pt;\"><span style=\"font-size: 11pt; font-family: Arial,sans-serif; color: #000000; background-color: transparent; font-weight: 400; font-style: normal; font-variant: normal; text-decoration: none; vertical-align: baseline; white-space: pre-wrap;\">Na\u0161e usluge uklju\u010duju <\/span><span style=\"font-size: 11pt; font-family: Arial, sans-serif; color: #000000; background-color: transparent; font-style: normal; font-variant: normal; text-decoration: none; vertical-align: baseline; white-space: pre-wrap;\"><b>p<\/b><\/span><span style=\"background-color: transparent; color: #000000; font-family: Arial, sans-serif; font-size: 11pt; white-space-collapse: preserve;\"><b>opravak drvenog namje\u0161taja<\/b>:<\/span><\/p>\n<h5 style=\"line-height: 1.38; margin-top: 0pt; margin-bottom: 0pt;\"><span style=\"font-size: 11pt; font-family: Arial,sans-serif; color: #000000; background-color: transparent; font-weight: 400; font-style: normal; font-variant: normal; text-decoration: none; vertical-align: baseline; white-space: pre-wrap;\">-Lijepenje i obnavljanje pukotina ili puknu\u0107a.<br><\/span><span style=\"font-size: 11pt; font-family: Arial,sans-serif; color: #000000; background-color: transparent; font-weight: 400; font-style: normal; font-variant: normal; text-decoration: none; vertical-align: baseline; white-space: pre-wrap;\">-Zamjena o\u0161te\u0107enih dijelova drva.<br><\/span><span style=\"font-size: 11pt; font-family: Arial,sans-serif; color: #000000; background-color: transparent; font-weight: 400; font-style: normal; font-variant: normal; text-decoration: none; vertical-align: baseline; white-space: pre-wrap;\">-Bru\u0161enje i poliranje za obnavljanje sjaja.<br><\/span><span style=\"background-color: transparent; color: #000000; font-family: Arial, sans-serif; font-size: 11pt; white-space-collapse: preserve;\">-Bojanje ili lakiranje prema Va\u0161im \u017eeljama.<\/span><\/h5>\n<div>\n<p dir=\"ltr\" style=\"line-height: 1.38; margin-top: 0pt; margin-bottom: 0pt;\"><span style=\"font-size: 11pt; font-family: Arial, sans-serif; color: #000000; background-color: transparent; font-variant-numeric: normal; font-variant-east-asian: normal; font-variant-alternates: normal; font-variant-position: normal; vertical-align: baseline; white-space-collapse: preserve;\"><b>Na\u0161 Proces:<\/b><\/span><\/p>\n<p dir=\"ltr\" style=\"line-height: 1.38; margin-top: 0pt; margin-bottom: 0pt;\"><span style=\"font-size: 11pt; font-family: Arial, sans-serif; color: #000000; background-color: transparent; font-variant-numeric: normal; font-variant-east-asian: normal; font-variant-alternates: normal; font-variant-position: normal; vertical-align: baseline; white-space-collapse: preserve;\"><b>1.Besplatna Procjena<\/b>: Po\u0161aljite nam fotografije ili rasporedite besplatnu procjenu kako bismo identificirali potrebne popravke.<\/span><\/p>\n<p dir=\"ltr\" style=\"line-height: 1.38; margin-top: 0pt; margin-bottom: 0pt;\"><span style=\"font-size: 11pt; font-family: Arial, sans-serif; color: #000000; background-color: transparent; font-variant-numeric: normal; font-variant-east-asian: normal; font-variant-alternates: normal; font-variant-position: normal; vertical-align: baseline; white-space-collapse: preserve;\"><b>2.Individualni Pristup<\/b>: Pristupamo svakom projektu s pa\u017enjom, uzimaju\u0107i u obzir Va\u0161e \u017eelje i stil.<\/span><\/p>\n<p dir=\"ltr\" style=\"line-height: 1.38; margin-top: 0pt; margin-bottom: 0pt;\">\n<\/p>\n<\/div>\t\t\t\t\t\t<\/div>\n\t\t\t\t<\/div>\n\t\t\t\t\t<\/div>\n\t\t<\/div>\n\t\t\t\t\t\t\t<\/div>\n\t\t<\/section>\n\t\t\t\t<section class=\"elementor-section elementor-top-section elementor-element elementor-element-9d17058 elementor-section-boxed elementor-section-height-default elementor-section-height-default\" data-id=\"9d17058\" data-element_type=\"section\">\n\t\t\t\t\t\t<div class=\"elementor-container elementor-column-gap-default\">\n\t\t\t\t\t<div class=\"elementor-column elementor-col-50 elementor-top-column elementor-element elementor-element-98ac3b5\" data-id=\"98ac3b5\" data-element_type=\"column\">\n\t\t\t<div class=\"elementor-widget-wrap elementor-element-populated\">\n\t\t\t\t\t\t\t\t<div class=\"elementor-element elementor-element-7420e99 elementor-widget elementor-widget-heading\" data-id=\"7420e99\" data-element_type=\"widget\" data-widget_type=\"heading.default\">\n\t\t\t\t<div class=\"elementor-widget-container\">\n\t\t\t<h1 class=\"elementor-heading-title elementor-size-xxl\">Obnovite sjaj svog namje\u0161taja s na\u0161im uslugama popravka namje\u0161taja. <\/h1>\t\t<\/div>\n\t\t\t\t<\/div>\n\t\t\t\t\t<\/div>\n\t\t<\/div>\n\t\t\t\t<div class=\"elementor-column elementor-col-50 elementor-top-column elementor-element elementor-element-cfded99\" data-id=\"cfded99\" data-element_type=\"column\">\n\t\t\t<div class=\"elementor-widget-wrap elementor-element-populated\">\n\t\t\t\t\t\t\t\t<div class=\"elementor-element elementor-element-000c82a elementor-align-center elementor-widget elementor-widget-button\" data-id=\"000c82a\" data-element_type=\"widget\" data-widget_type=\"button.default\">\n\t\t\t\t<div class=\"elementor-widget-container\">\n\t\t\t\t\t<div class=\"elementor-button-wrapper\">\n\t\t\t<a href=\"https:\/\/rs-inter.hr\/?page_id=131\" class=\"elementor-button-link elementor-button elementor-size-lg\" role=\"button\">\n\t\t\t\t\t\t<span class=\"elementor-button-content-wrapper\">\n\t\t\t\t\t\t<span class=\"elementor-button-text\">Kontakt<\/span>\n\t\t<\/span>\n\t\t\t\t\t<\/a>\n\t\t<\/div>\n\t\t\t\t<\/div>\n\t\t\t\t<\/div>\n\t\t\t\t\t<\/div>\n\t\t<\/div>\n\t\t\t\t\t\t\t<\/div>\n\t\t<\/section>\n\t\t\t\t\t\t<\/div>\n\t\t\t\t\t<\/div>\n\t\t","protected":false},"excerpt":{"rendered":"<p>Dobro do\u0161li na stranicu RS inter za popravak nemje\u0161taja. Imate li stari namje\u0161taj koji je nakon godina kori\u0161tenja izgubio svoj sjaj?&nbsp;Na\u0161a ekipa stru\u010dnjaka posve\u0107ena je [&hellip;]<\/p>\n","protected":false},"author":2,"featured_media":0,"parent":0,"menu_order":0,"comment_status":"closed","ping_status":"closed","template":"","meta":{"om_disable_all_campaigns":false,"_monsterinsights_skip_tracking":false,"_monsterinsights_sitenote_active":false,"_monsterinsights_sitenote_note":"","_monsterinsights_sitenote_category":0},"aioseo_notices":[],"_links":{"self":[{"href":"https:\/\/rs-inter.hr\/index.php?rest_route=\/wp\/v2\/pages\/240"}],"collection":[{"href":"https:\/\/rs-inter.hr\/index.php?rest_route=\/wp\/v2\/pages"}],"about":[{"href":"https:\/\/rs-inter.hr\/index.php?rest_route=\/wp\/v2\/types\/page"}],"author":[{"embeddable":true,"href":"https:\/\/rs-inter.hr\/index.php?rest_route=\/wp\/v2\/users\/2"}],"replies":[{"embeddable":true,"href":"https:\/\/rs-inter.hr\/index.php?rest_route=%2Fwp%2Fv2%2Fcomments&post=240"}],"version-history":[{"count":29,"href":"https:\/\/rs-inter.hr\/index.php?rest_route=\/wp\/v2\/pages\/240\/revisions"}],"predecessor-version":[{"id":691,"href":"https:\/\/rs-inter.hr\/index.php?rest_route=\/wp\/v2\/pages\/240\/revisions\/691"}],"wp:attachment":[{"href":"https:\/\/rs-inter.hr\/index.php?rest_route=%2Fwp%2Fv2%2Fmedia&parent=240"}],"curies":[{"name":"wp","href":"https:\/\/api.w.org\/{rel}","templated":true}]}}